{"id":4192,"date":"2020-09-03T07:50:55","date_gmt":"2020-09-03T07:50:55","guid":{"rendered":"http:\/\/biblioteka.czerniceborowe.pl\/?page_id=4192"},"modified":"2020-09-21T08:00:18","modified_gmt":"2020-09-21T08:00:18","slug":"zaproponuj-ksiazke","status":"publish","type":"page","link":"https:\/\/biblioteka.czerniceborowe.pl\/?page_id=4192","title":{"rendered":"Zaproponuj ksi\u0105\u017ck\u0119"},"content":{"rendered":"<p style=\"text-align: center;\"><strong>Drogi Czytelniku, zapraszamy do wsp\u00f3\u0142tworzenia ksi\u0119gozbioru biblioteki.<\/strong><\/p>\n<p>Twoje sugestie s\u0105 dla nas bardzo wa\u017cne. Je\u017celi w naszych zbiorach brakuje ksi\u0105\u017cki, kt\u00f3rej poszukujesz, poinformuj nas o tym. Wystarczy poda\u0107 tytu\u0142 i autora poszukiwanej pozycji poprzez:<\/p>\n<ul style=\"list-style-type: circle;\">\n<li>wys\u0142anie wiadomo\u015bci na adres e-mail: <strong>biblioteka@czerniceborowe.pl<\/strong> w temacie wpisuj\u0105c <em><strong>Zaproponuj ksi\u0105\u017ck\u0119 bibliotece<\/strong><\/em>;<\/li>\n<li>zg\u0142aszaj\u0105c propozycj\u0119 bezpo\u015brednio lub telefonicznie bibliotekarzowi;<\/li>\n<li>przez Facebook: wiadomo\u015b\u0107 na Messenger.<\/li>\n<\/ul>\n<p>Propozycje Czytelnik\u00f3w b\u0119d\u0105 brane w pierwszej kolejno\u015bci przy zakupach nowo\u015bci wydawniczych. Zakupy b\u0119dziemy realizowa\u0107 w miar\u0119 naszych mo\u017cliwo\u015bci finansowych i dost\u0119pno\u015bci tytu\u0142\u00f3w na rynku wydawniczym.<\/p>\n<p style=\"text-align: justify;\">Istnieje r\u00f3wnie\u017c mo\u017cliwo\u015b\u0107 poinformowania o dost\u0119pno\u015bci danej pozycji ksi\u0105\u017ckowej, po podaniu swojego numeru telefonu lub adresu e-mail.<\/p>\n","protected":false},"excerpt":{"rendered":"<p>Drogi Czytelniku, zapraszamy do wsp\u00f3\u0142tworzenia ksi\u0119gozbioru biblioteki. Twoje sugestie s\u0105 dla nas bardzo wa\u017cne. Je\u017celi w naszych zbiorach brakuje ksi\u0105\u017cki, kt\u00f3rej poszukujesz, poinformuj nas o tym. Wystarczy poda\u0107 tytu\u0142 i autora poszukiwanej pozycji poprzez: wys\u0142anie wiadomo\u015bci na adres e-mail: biblioteka@czerniceborowe.pl w temacie wpisuj\u0105c Zaproponuj ksi\u0105\u017ck\u0119 bibliotece; zg\u0142aszaj\u0105c propozycj\u0119 bezpo\u015brednio lub telefonicznie bibliotekarzowi; przez Facebook: wiadomo\u015b\u0107 [&hellip;]<\/p>\n","protected":false},"author":2,"featured_media":0,"parent":0,"menu_order":0,"comment_status":"closed","ping_status":"closed","template":"","meta":[],"_links":{"self":[{"href":"https:\/\/biblioteka.czerniceborowe.pl\/index.php?rest_route=\/wp\/v2\/pages\/4192"}],"collection":[{"href":"https:\/\/biblioteka.czerniceborowe.pl\/index.php?rest_route=\/wp\/v2\/pages"}],"about":[{"href":"https:\/\/biblioteka.czerniceborowe.pl\/index.php?rest_route=\/wp\/v2\/types\/page"}],"author":[{"embeddable":true,"href":"https:\/\/biblioteka.czerniceborowe.pl\/index.php?rest_route=\/wp\/v2\/users\/2"}],"replies":[{"embeddable":true,"href":"https:\/\/biblioteka.czerniceborowe.pl\/index.php?rest_route=%2Fwp%2Fv2%2Fcomments&post=4192"}],"version-history":[{"count":3,"href":"https:\/\/biblioteka.czerniceborowe.pl\/index.php?rest_route=\/wp\/v2\/pages\/4192\/revisions"}],"predecessor-version":[{"id":4253,"href":"https:\/\/biblioteka.czerniceborowe.pl\/index.php?rest_route=\/wp\/v2\/pages\/4192\/revisions\/4253"}],"wp:attachment":[{"href":"https:\/\/biblioteka.czerniceborowe.pl\/index.php?rest_route=%2Fwp%2Fv2%2Fmedia&parent=4192"}],"curies":[{"name":"wp","href":"https:\/\/api.w.org\/{rel}","templated":true}]}}