{"id":2647,"date":"2018-09-06T07:08:45","date_gmt":"2018-09-06T07:08:45","guid":{"rendered":"http:\/\/biblioteka.czerniceborowe.pl\/?page_id=2647"},"modified":"2020-11-20T08:00:09","modified_gmt":"2020-11-20T08:00:09","slug":"przydatne-linki","status":"publish","type":"page","link":"https:\/\/biblioteka.czerniceborowe.pl\/?page_id=2647","title":{"rendered":"Przydatne linki"},"content":{"rendered":"<p><strong>Przydatne linki<\/strong><\/p>\n<ul>\n<li><u><a href=\"http:\/\/www.bn.org.pl\/\">Biblioteka Narodowa<\/a><\/u><\/li>\n<li><u><a href=\"http:\/\/www.mkidn.gov.pl\/\">Ministerstwo Kultury i Dziedzictwa Narodowego<\/a><\/u><\/li>\n<li><u><a href=\"http:\/\/www.sbp.pl\/\">Stowarzyszenie Bibliotekarzy Polskich<\/a><\/u><\/li>\n<li><u><a href=\"http:\/\/www.ebib.pl\">EBIB \u2013 Elektroniczna Biblioteka<\/a><\/u><\/li>\n<li><u><a href=\"http:\/\/www.biblioteki.org\/\">Program Rozwoju Bibliotek<\/a><\/u><\/li>\n<\/ul>\n<p><strong>\u00a0Strony z e-bookami \u00a0oraz z e-lerningiem<\/strong><\/p>\n<ul>\n<li><u><a href=\"http:\/\/www.polona.pl\/\">Polona<\/a><\/u><\/li>\n<li><u><a href=\"http:\/\/www.europeana.eu\/\">Europeana<\/a><\/u><\/li>\n<li><u><a href=\"http:\/\/www.nac.gov.pl\/\">Narodowe Archiwum Cyfrowe<\/a><\/u><\/li>\n<li><u><a href=\"http:\/\/wolnelektury.pl\/\">Wolne Lektury<\/a><\/u>\u2013\u00a0darmowe e-booki oraz audiobooki<\/li>\n<li><u><a href=\"http:\/\/www.bazaebokow.robertjszmidt.pl\/\">Fantastyka Polska<\/a><\/u>\u2013\u00a0darmowe e-booki<\/li>\n<li><u><a href=\"http:\/\/www.ebooks43.pl\/\">pl<\/a><\/u>\u2013 darmowe e-booki<strong>\u00a0<\/strong><\/li>\n<li><a href=\"https:\/\/lektury.gov.pl\/\">https:\/\/lektury.gov.pl\/<\/a> &#8211; ods\u0142uchiwanie i pobieranie w wersji tekstowej e-ksi\u0105\u017cek<\/li>\n<\/ul>\n<p><strong>Ciekawe strony<\/strong><\/p>\n<ul>\n<li><a href=\"http:\/\/pulowerek.pl\/\" target=\"_blank\" rel=\"noopener noreferrer\">Pulowerek \u2013 portal dla bibliotekarzy<\/a><\/li>\n<li><a href=\"http:\/\/www.lustrobiblioteki.pl\/\" target=\"_blank\" rel=\"noopener noreferrer\">Lustro biblioteki<\/a><\/li>\n<li><a href=\"http:\/\/booklips.pl\/\" target=\"_blank\" rel=\"noopener noreferrer\">Booklips<\/a><\/li>\n<li><a href=\"http:\/\/abrewiacje.wordpress.com\/\" target=\"_blank\" rel=\"noopener noreferrer\">Komiks w bibliotece<\/a><\/li>\n<\/ul>\n<p>&nbsp;<\/p>\n<p><strong>Wybrane strony w regionie<\/strong><\/p>\n<p>Gmina Czernice Borowe<\/p>\n<p><a href=\"http:\/\/www.czerniceborowe.pl\/asp\/pl_start.asp?typ=13&amp;menu=6&amp;strona=1&amp;schemat\">http:\/\/www.czerniceborowe.pl<\/a><\/p>\n<p>&nbsp;<\/p>\n<p>&nbsp;<\/p>\n<p>&nbsp;<\/p>\n<p>&nbsp;<\/p>\n<p>&nbsp;<\/p>\n<p>&nbsp;<\/p>\n","protected":false},"excerpt":{"rendered":"<p>Przydatne linki Biblioteka Narodowa Ministerstwo Kultury i Dziedzictwa Narodowego Stowarzyszenie Bibliotekarzy Polskich EBIB \u2013 Elektroniczna Biblioteka Program Rozwoju Bibliotek \u00a0Strony z e-bookami \u00a0oraz z e-lerningiem Polona Europeana Narodowe Archiwum Cyfrowe Wolne Lektury\u2013\u00a0darmowe e-booki oraz audiobooki Fantastyka Polska\u2013\u00a0darmowe e-booki pl\u2013 darmowe e-booki\u00a0 https:\/\/lektury.gov.pl\/ &#8211; ods\u0142uchiwanie i pobieranie w wersji tekstowej e-ksi\u0105\u017cek Ciekawe strony Pulowerek \u2013 portal [&hellip;]<\/p>\n","protected":false},"author":2,"featured_media":0,"parent":0,"menu_order":0,"comment_status":"closed","ping_status":"closed","template":"","meta":[],"_links":{"self":[{"href":"https:\/\/biblioteka.czerniceborowe.pl\/index.php?rest_route=\/wp\/v2\/pages\/2647"}],"collection":[{"href":"https:\/\/biblioteka.czerniceborowe.pl\/index.php?rest_route=\/wp\/v2\/pages"}],"about":[{"href":"https:\/\/biblioteka.czerniceborowe.pl\/index.php?rest_route=\/wp\/v2\/types\/page"}],"author":[{"embeddable":true,"href":"https:\/\/biblioteka.czerniceborowe.pl\/index.php?rest_route=\/wp\/v2\/users\/2"}],"replies":[{"embeddable":true,"href":"https:\/\/biblioteka.czerniceborowe.pl\/index.php?rest_route=%2Fwp%2Fv2%2Fcomments&post=2647"}],"version-history":[{"count":4,"href":"https:\/\/biblioteka.czerniceborowe.pl\/index.php?rest_route=\/wp\/v2\/pages\/2647\/revisions"}],"predecessor-version":[{"id":4386,"href":"https:\/\/biblioteka.czerniceborowe.pl\/index.php?rest_route=\/wp\/v2\/pages\/2647\/revisions\/4386"}],"wp:attachment":[{"href":"https:\/\/biblioteka.czerniceborowe.pl\/index.php?rest_route=%2Fwp%2Fv2%2Fmedia&parent=2647"}],"curies":[{"name":"wp","href":"https:\/\/api.w.org\/{rel}","templated":true}]}}