{"id":2641,"date":"2018-09-06T07:00:34","date_gmt":"2018-09-06T07:00:34","guid":{"rendered":"http:\/\/biblioteka.czerniceborowe.pl\/?page_id=2641"},"modified":"2018-10-04T12:04:32","modified_gmt":"2018-10-04T12:04:32","slug":"dyskusyjny-klub-ksiazki","status":"publish","type":"page","link":"https:\/\/biblioteka.czerniceborowe.pl\/?page_id=2641","title":{"rendered":"Dyskusyjny Klub Ksi\u0105\u017cki"},"content":{"rendered":"<p>Dyskusyjny Klub Ksi\u0105\u017cki to inicjatywa promuj\u0105ca czytelnictwo. Oparty jest na za\u0142o\u017ceniu, \u017ce potrzebne s\u0105 miejsca,\u00a0 \u00a0 \u00a0 \u00a0 \u00a0 w kt\u00f3rych mo\u017cna rozmawia\u0107 o wsp\u00f3lnie przeczytanych ksi\u0105\u017ckach oraz, \u017ce nie trzeba by\u0107 krytykiem, by czerpa\u0107 przyjemno\u015b\u0107 z dyskutowania o literaturze.<\/p>\n<p>Spotkania w Klubie maj\u0105 charakter otwarty.<\/p>\n<p style=\"text-align: center;\"><strong>ZAPRASZAMY<\/strong><\/p>\n<p><strong>25 pa\u017adziernika 2018 r. godzina 15:00<\/strong><\/p>\n<p><strong>Miejsce: Gminna Biblioteka Publiczna w Czernicach Borowych, ul. Che\u0142chowskiego 12<\/strong><\/p>\n<p><strong>Temat dyskusji: ksi\u0105\u017cka Katherine Webb &#8220;Echa pami\u0119ci&#8221;<\/strong><\/p>\n<p><a href=\"https:\/\/biblioteka.czerniceborowe.pl\/wp-content\/uploads\/Echa-pami\u0119ci.jpg\" rel=\"lightbox[2641]\"><img loading=\"lazy\" class=\"aligncenter size-medium wp-image-2738\" src=\"https:\/\/biblioteka.czerniceborowe.pl\/wp-content\/uploads\/Echa-pami\u0119ci-201x300.jpg\" alt=\"\" width=\"201\" height=\"300\" srcset=\"https:\/\/biblioteka.czerniceborowe.pl\/wp-content\/uploads\/Echa-pami\u0119ci-201x300.jpg 201w, https:\/\/biblioteka.czerniceborowe.pl\/wp-content\/uploads\/Echa-pami\u0119ci.jpg 235w\" sizes=\"(max-width: 201px) 100vw, 201px\" \/><\/a><\/p>\n<p>&nbsp;<\/p>\n<p style=\"text-align: center;\"><strong>ZAPRASZAMY<\/strong><\/p>\n<p><strong>24 wrze\u015bnia 2018 r. godzina 15:00 <\/strong><\/p>\n<p><strong>Miejsce: Gminna Biblioteka Publiczna w Czernicach Borowych, ul. Che\u0142chowskiego 12<\/strong><\/p>\n<p><strong>Temat dyskusji: ksi\u0105\u017cka A\u0142beny Grabowskiej \u201eLady M.\u201d<\/strong><\/p>\n<p><a href=\"https:\/\/biblioteka.czerniceborowe.pl\/wp-content\/uploads\/d181123-1.jpg\" rel=\"lightbox[2641]\"><img loading=\"lazy\" class=\"aligncenter size-medium wp-image-2737\" src=\"https:\/\/biblioteka.czerniceborowe.pl\/wp-content\/uploads\/d181123-1-213x300.jpg\" alt=\"\" width=\"213\" height=\"300\" \/><\/a><\/p>\n","protected":false},"excerpt":{"rendered":"<p>Dyskusyjny Klub Ksi\u0105\u017cki to inicjatywa promuj\u0105ca czytelnictwo. Oparty jest na za\u0142o\u017ceniu, \u017ce potrzebne s\u0105 miejsca,\u00a0 \u00a0 \u00a0 \u00a0 \u00a0 w kt\u00f3rych mo\u017cna rozmawia\u0107 o wsp\u00f3lnie przeczytanych ksi\u0105\u017ckach oraz, \u017ce nie trzeba by\u0107 krytykiem, by czerpa\u0107 przyjemno\u015b\u0107 z dyskutowania o literaturze. Spotkania w Klubie maj\u0105 charakter otwarty. ZAPRASZAMY 25 pa\u017adziernika 2018 r. godzina 15:00 Miejsce: Gminna [&hellip;]<\/p>\n","protected":false},"author":2,"featured_media":0,"parent":0,"menu_order":0,"comment_status":"closed","ping_status":"closed","template":"","meta":[],"_links":{"self":[{"href":"https:\/\/biblioteka.czerniceborowe.pl\/index.php?rest_route=\/wp\/v2\/pages\/2641"}],"collection":[{"href":"https:\/\/biblioteka.czerniceborowe.pl\/index.php?rest_route=\/wp\/v2\/pages"}],"about":[{"href":"https:\/\/biblioteka.czerniceborowe.pl\/index.php?rest_route=\/wp\/v2\/types\/page"}],"author":[{"embeddable":true,"href":"https:\/\/biblioteka.czerniceborowe.pl\/index.php?rest_route=\/wp\/v2\/users\/2"}],"replies":[{"embeddable":true,"href":"https:\/\/biblioteka.czerniceborowe.pl\/index.php?rest_route=%2Fwp%2Fv2%2Fcomments&post=2641"}],"version-history":[{"count":4,"href":"https:\/\/biblioteka.czerniceborowe.pl\/index.php?rest_route=\/wp\/v2\/pages\/2641\/revisions"}],"predecessor-version":[{"id":2739,"href":"https:\/\/biblioteka.czerniceborowe.pl\/index.php?rest_route=\/wp\/v2\/pages\/2641\/revisions\/2739"}],"wp:attachment":[{"href":"https:\/\/biblioteka.czerniceborowe.pl\/index.php?rest_route=%2Fwp%2Fv2%2Fmedia&parent=2641"}],"curies":[{"name":"wp","href":"https:\/\/api.w.org\/{rel}","templated":true}]}}